{"id":1900,"date":"2017-02-12T17:14:53","date_gmt":"2017-02-12T17:14:53","guid":{"rendered":"https:\/\/investigacionparachloe.org\/prensa\/"},"modified":"2020-03-12T11:17:58","modified_gmt":"2020-03-12T11:17:58","slug":"press","status":"publish","type":"page","link":"https:\/\/investigacionparachloe.org\/en\/press\/","title":{"rendered":"Press"},"content":{"rendered":"<p>[vc_row][vc_column][vc_column_text css=&#8221;.vc_custom_1584011869042{padding-bottom: 5.15rem !important;}&#8221;]<\/p>\n<h2 class=\"sc_item_title sc_promo_title sc_align_left sc_item_title_style_default\" style=\"text-align: center;\">Press<\/h2>\n<p>[\/vc_column_text][vc_column_text]<\/p>\n<h5 style=\"text-align: left;\">Online:<\/h5>\n<ul>\n<li><a href=\"https:\/\/www.elperiodico.com\/es\/sociedad\/20190514\/familia-unica-afectada-espana-mutacion-gen-vps13d-busca-fondos-investigacion-centro-trias-pujol-7452546\">El Peri\u00f3dico 14.05.2019<\/a><\/li>\n<li><a href=\"https:\/\/elpais.com\/elpais\/2019\/05\/06\/eps\/1557136520_089122.html\">El Pa\u00eds Semanal 12.05.2019<\/a><\/li>\n<li><a href=\"https:\/\/www.dmalaga.com\/2019\/04\/famosos-espanoles-se-vuelcan-con-chloe-una-malaguena-de-10-anos-que-padece-una-grave-enfermedad-practicamente-desconocida\/\">D M\u00e1laga 10.04.2019<\/a><\/li>\n<\/ul>\n<p>[\/vc_column_text][vc_column_text css=&#8221;.vc_custom_1583493904766{padding-top: 7% !important;}&#8221;]<div id=\"justified_gallery_UpZal7\" class=\"sgg-style-1 \"><a class=\"sgg-lightbox-item\" href=\"https:\/\/investigacionparachloe.org\/wp-content\/uploads\/El-Periodico-14.05.2019-scaled.jpg\" data-size=\"748x2560\" data-caption=\"El Periodico 14.05.2019\"><img decoding=\"async\" src=\"https:\/\/investigacionparachloe.org\/wp-content\/uploads\/El-Periodico-14.05.2019-scaled.jpg\" data-caption=\"El Periodico 14.05.2019\" alt=\"El Periodico 14.05.2019\"\/><\/a><a class=\"sgg-lightbox-item\" href=\"https:\/\/investigacionparachloe.org\/wp-content\/uploads\/0001-min-scaled.jpg\" data-size=\"1951x2560\" data-caption=\"Sur Marbella Estepona 13.12.2019\"><img decoding=\"async\" src=\"https:\/\/investigacionparachloe.org\/wp-content\/uploads\/0001-min-scaled.jpg\" data-caption=\"Sur Marbella Estepona 13.12.2019\" alt=\"Sur Marbella Estepona 13.12.2019\"\/><\/a><a class=\"sgg-lightbox-item\" href=\"https:\/\/investigacionparachloe.org\/wp-content\/uploads\/IMG_8180-min.jpg\" data-size=\"1512x1918\" data-caption=\"El Pa\u00eds Semanal 13.05.2019 https:\/\/elpais.com\/elpais\/2019\/05\/06\/eps\/1557136520_089122.html\"><img decoding=\"async\" src=\"https:\/\/investigacionparachloe.org\/wp-content\/uploads\/IMG_8180-min.jpg\" data-caption=\"El Pa\u00eds Semanal 13.05.2019 https:\/\/elpais.com\/elpais\/2019\/05\/06\/eps\/1557136520_089122.html\" alt=\"El Pa\u00eds Semanal 13.05.2019 https:\/\/elpais.com\/elpais\/2019\/05\/06\/eps\/1557136520_089122.html\"\/><\/a><a class=\"sgg-lightbox-item\" href=\"https:\/\/investigacionparachloe.org\/wp-content\/uploads\/IMG_8181-min.jpg\" data-size=\"1482x1991\" data-caption=\"El Pa\u00eds Semanal 13.05.2019 https:\/\/elpais.com\/elpais\/2019\/05\/06\/eps\/1557136520_089122.html\"><img decoding=\"async\" src=\"https:\/\/investigacionparachloe.org\/wp-content\/uploads\/IMG_8181-min.jpg\" data-caption=\"El Pa\u00eds Semanal 13.05.2019 https:\/\/elpais.com\/elpais\/2019\/05\/06\/eps\/1557136520_089122.html\" alt=\"El Pa\u00eds Semanal 13.05.2019 https:\/\/elpais.com\/elpais\/2019\/05\/06\/eps\/1557136520_089122.html\"\/><\/a><a class=\"sgg-lightbox-item\" href=\"https:\/\/investigacionparachloe.org\/wp-content\/uploads\/IMG_8182-min.jpg\" data-size=\"1478x1971\" data-caption=\"Society Marbella 2019\"><img decoding=\"async\" src=\"https:\/\/investigacionparachloe.org\/wp-content\/uploads\/IMG_8182-min.jpg\" data-caption=\"Society Marbella 2019\" alt=\"Society Marbella 2019\"\/><\/a><a class=\"sgg-lightbox-item\" href=\"https:\/\/investigacionparachloe.org\/wp-content\/uploads\/IMG_8183-min.jpg\" data-size=\"2016x1512\" data-caption=\"Society Marbella 2019\"><img decoding=\"async\" src=\"https:\/\/investigacionparachloe.org\/wp-content\/uploads\/IMG_8183-min.jpg\" data-caption=\"Society Marbella 2019\" alt=\"Society Marbella 2019\"\/><\/a><a class=\"sgg-lightbox-item\" href=\"https:\/\/investigacionparachloe.org\/wp-content\/uploads\/14068351_953292968130313_8370840165799982949_o.png\" data-size=\"875x1121\" data-caption=\"Costa del Sol Nachrichten 28.07.2016-2\"><img decoding=\"async\" src=\"https:\/\/investigacionparachloe.org\/wp-content\/uploads\/14068351_953292968130313_8370840165799982949_o.png\" data-caption=\"Costa del Sol Nachrichten 28.07.2016-2\" alt=\"Costa del Sol Nachrichten 28.07.2016-2\"\/><\/a><a class=\"sgg-lightbox-item\" href=\"https:\/\/investigacionparachloe.org\/wp-content\/uploads\/csn-3.png\" data-size=\"875x1121\" data-caption=\"Costa del Sol Nachrichten 28.07.2016-3\"><img decoding=\"async\" src=\"https:\/\/investigacionparachloe.org\/wp-content\/uploads\/csn-3.png\" data-caption=\"Costa del Sol Nachrichten 28.07.2016-3\" alt=\"Costa del Sol Nachrichten 28.07.2016-3\"\/><\/a><a class=\"sgg-lightbox-item\" href=\"https:\/\/investigacionparachloe.org\/wp-content\/uploads\/1-4.jpg\" data-size=\"875x1167\" data-caption=\"Diario Sur 15.04.2018\"><img decoding=\"async\" src=\"https:\/\/investigacionparachloe.org\/wp-content\/uploads\/1-4.jpg\" data-caption=\"Diario Sur 15.04.2018\" alt=\"Diario Sur 15.04.2018\"\/><\/a><a class=\"sgg-lightbox-item\" href=\"https:\/\/investigacionparachloe.org\/wp-content\/uploads\/diario-sur-es.jpg\" data-size=\"552x640\" data-caption=\"Diario Sur Espa\u00f1ol\"><img decoding=\"async\" src=\"https:\/\/investigacionparachloe.org\/wp-content\/uploads\/diario-sur-es.jpg\" data-caption=\"Diario Sur Espa\u00f1ol\" alt=\"Diario Sur Espa\u00f1ol\"\/><\/a><a class=\"sgg-lightbox-item\" href=\"https:\/\/investigacionparachloe.org\/wp-content\/uploads\/diario-sur-en.jpg\" data-size=\"640x480\" data-caption=\"Diario Sur English 06.02.2014\"><img decoding=\"async\" src=\"https:\/\/investigacionparachloe.org\/wp-content\/uploads\/diario-sur-en.jpg\" data-caption=\"Diario Sur English 06.02.2014\" alt=\"Diario Sur English 06.02.2014\"\/><\/a><a class=\"sgg-lightbox-item\" href=\"https:\/\/investigacionparachloe.org\/wp-content\/uploads\/1-2-1.jpg\" data-size=\"875x1102\" data-caption=\"Diario Sur 15.04.2018-2\"><img decoding=\"async\" src=\"https:\/\/investigacionparachloe.org\/wp-content\/uploads\/1-2-1.jpg\" data-caption=\"Diario Sur 15.04.2018-2\" alt=\"Diario Sur 15.04.2018-2\"\/><\/a><a class=\"sgg-lightbox-item\" href=\"https:\/\/investigacionparachloe.org\/wp-content\/uploads\/prensa.jpg\" data-size=\"875x1132\" data-caption=\"Costa del Sol Nachrichten 28.07.2016\"><img decoding=\"async\" src=\"https:\/\/investigacionparachloe.org\/wp-content\/uploads\/prensa.jpg\" data-caption=\"Costa del Sol Nachrichten 28.07.2016\" alt=\"Costa del Sol Nachrichten 28.07.2016\"\/><\/a><a class=\"sgg-lightbox-item\" href=\"https:\/\/investigacionparachloe.org\/wp-content\/uploads\/proyecto-la-caixa-2019_page_10-1.jpg\" data-size=\"904x1170\" data-caption=\"Bubbles and Dreams\"><img decoding=\"async\" src=\"https:\/\/investigacionparachloe.org\/wp-content\/uploads\/proyecto-la-caixa-2019_page_10-1.jpg\" data-caption=\"Bubbles and Dreams\" alt=\"Bubbles and Dreams\"\/><\/a><a class=\"sgg-lightbox-item\" href=\"https:\/\/investigacionparachloe.org\/wp-content\/uploads\/portada-diario-sur-1.jpg\" data-size=\"476x640\" data-caption=\"Diario Sur\"><img decoding=\"async\" src=\"https:\/\/investigacionparachloe.org\/wp-content\/uploads\/portada-diario-sur-1.jpg\" data-caption=\"Diario Sur\" alt=\"Diario Sur\"\/><\/a><\/div>\r\n<div id=\"load_more_holder_UpZal7\" style=\"display:none\"><\/div>\r\n\t\t\t<script type=\"text\/javascript\">\r\n\t\t\t\t(function($){\r\n\t\t\t\t\t$(\"#justified_gallery_UpZal7\").justifiedGallery({\r\n\t\t\t\t\t\tsizeRangeSuffixes : {'lt100': '', 'lt240': '', 'lt320': '', 'lt500': '', 'lt640': '', 'lt1024': ''},rowHeight: 350,\r\nmobileRowHeight: 200,\r\nmargins: 10,\r\nlastRow: \"nojustify\",\r\nfixedHeight: false,\r\ncaptions: true,\r\ncaptionsColor: \"#000000\",\r\ncaptionsOpacity: 0.7,\r\nrandomize: false,\r\nmaxRowHeight: 0,\r\nrel: \"UpZal7\",\r\ntarget: null,\r\nrefreshTime: 250,\r\ncssAnimation: true,\r\ncaptionsAnimationDuration: 500,\r\nimagesAnimationDuration: 300,\r\ncaptionsVisibleOpacity: 0.7,\r\nclass: \"\",\r\n\t\t\t\t\t})\r\n\t\t\t\t\t.on('jg.complete', function(){\r\n\t\t\t\t\t\t$(document).ready(function(){\r\n\t\t\t\t\t\t\tvar pswp_UpZal7 = SGGinitPhotoSwipeFromDOM('#justified_gallery_UpZal7',{title: true,\r\nshare: true,\r\nprint: false,\r\nhistory: false,\r\n uid: 'UpZal7' })})\t\t\t\t\t});\r\n\t\t\t\t\t\t\t\t\t\tWebFontConfig = {\r\n\tgoogle: { families: [] }\r\n};\r\n(function() {\r\n\tvar wf = document.createElement('script');\r\n\twf.src = ('https:' == document.location.protocol ? 'https' : 'http') +\r\n\t\t':\/\/ajax.googleapis.com\/ajax\/libs\/webfont\/1\/webfont.js';\r\n\twf.type = 'text\/javascript';\r\n\twf.async = 'true';\r\n\tvar s = document.getElementsByTagName('script')[0];\r\n\ts.parentNode.insertBefore(wf, s);\r\n})();WebFontConfig.google.families.push('Karla');\t\t\t\t\t\t\t\t\tvar galleries = [];\r\n\t\t\t\tvar gallery = $(\"#justified_gallery_UpZal7\");\r\n\t\t\t\t$(window).scroll(function() {\r\n\t\t\t\t\tif ( galleries.length >= 1  ) {\r\n\t\t\t\t\t\tvar scroll_top = $(window).scrollTop();\r\n\t\t\t\t\t\tvar scroll_bottom = scroll_top + $(window).height();\r\n\t\t\t\t\t\tvar gallery_top = $(gallery).offset().top;\r\n\t\t\t\t\t\tvar gallery_height = $(gallery).innerHeight();\r\n\t\t\t\t\t\tvar gallery_bottom = gallery_top + gallery_height;\r\n\t\t\t\t\t\tif( scroll_bottom >= gallery_bottom ) {\r\n\t\t\t\t\t\t\tvar images = galleries.splice(0,1);\r\n\t\t\t\t\t\t\tvar image_html = $(\"#load_more_holder_UpZal7\").html(images).text();\r\n\t\t\t\t\t\t\t$(gallery).append(image_html);\r\n\t\t\t\t\t\t\t$(gallery).justifiedGallery('norewind');\r\n\t\t\t\t\t\t}\r\n\t\t\t\t\t}\r\n\t\t\t\t});\t\t\t\t})(jQuery);\r\n\t\t\t<\/script>\r\n\t\t\t\t\t\t<style>\r\n\t            #justified_gallery_UpZal7 .sgg-caption {\r\n\t\t\t\t\tbackground: rgb(0,0,0);\r\n\t\t\t\t\tbackground: rgba(0,0,0,0.7);\r\n\t\t\t\t\tcolor: #ffffff;\r\n\t\t\t\t\tfont-size: 1em;\r\n\t\t\t\t\tfont-weight: 400;\r\n\t\t\t\t\tfont-family: Karla;\r\n\t\t\t\t}\r\n\t\t\t\t#load_more_UpZal7 {\r\n\t\t\t\t    background: #444444;\r\n\t\t\t\t    color: #ffffff;\r\n\t\t\t\t}\r\n\t\t\t<\/style>\r\n        \t[\/vc_column_text][\/vc_column][\/vc_row]<\/p>\n","protected":false},"excerpt":{"rendered":"<p>[vc_row][vc_column][vc_column_text css=&#8221;.vc_custom_1584011869042{padding-bottom: 5.15rem !important;}&#8221;] Press [\/vc_column_text][vc_column_text] Online: El Peri\u00f3dico 14.05.2019 El Pa\u00eds Semanal 12.05.2019 D M\u00e1laga 10.04.2019 [\/vc_column_text][vc_column_text css=&#8221;.vc_custom_1583493904766{padding-top: 7% !important;}&#8221;][\/vc_column_text][\/vc_column][\/vc_row]<\/p>\n","protected":false},"author":1,"featured_media":0,"parent":0,"menu_order":0,"comment_status":"closed","ping_status":"closed","template":"","meta":{"footnotes":""},"acf":[],"_links":{"self":[{"href":"https:\/\/investigacionparachloe.org\/en\/wp-json\/wp\/v2\/pages\/1900"}],"collection":[{"href":"https:\/\/investigacionparachloe.org\/en\/wp-json\/wp\/v2\/pages"}],"about":[{"href":"https:\/\/investigacionparachloe.org\/en\/wp-json\/wp\/v2\/types\/page"}],"author":[{"embeddable":true,"href":"https:\/\/investigacionparachloe.org\/en\/wp-json\/wp\/v2\/users\/1"}],"replies":[{"embeddable":true,"href":"https:\/\/investigacionparachloe.org\/en\/wp-json\/wp\/v2\/comments?post=1900"}],"version-history":[{"count":1,"href":"https:\/\/investigacionparachloe.org\/en\/wp-json\/wp\/v2\/pages\/1900\/revisions"}],"predecessor-version":[{"id":1902,"href":"https:\/\/investigacionparachloe.org\/en\/wp-json\/wp\/v2\/pages\/1900\/revisions\/1902"}],"wp:attachment":[{"href":"https:\/\/investigacionparachloe.org\/en\/wp-json\/wp\/v2\/media?parent=1900"}],"curies":[{"name":"wp","href":"https:\/\/api.w.org\/{rel}","templated":true}]}}